{"id":30,"date":"2011-02-11T16:38:18","date_gmt":"2011-02-11T16:38:18","guid":{"rendered":"http:\/\/cluster013.ovh.net\/~duextrem\/mb\/?page_id=20"},"modified":"2024-09-10T08:58:27","modified_gmt":"2024-09-10T06:58:27","slug":"inscripcions","status":"publish","type":"page","link":"https:\/\/www.montbike.org\/duextremamposta\/inscripcions\/","title":{"rendered":"Inscripcions"},"content":{"rendered":"<div style=\"margin: 10px 0px 0px 0px;\"><\/div>\n<h2>Inscripcions<\/h2>\n<ul style=\"margin: 0px 0px 0px 30px;\">\n<li>Per\u00edode d&#8217;inscripcions: de l&#8217;1\/8\/2024 (9:00 h) fins a 13\/9\/2024 (23:59 h)<\/li>\n<li><strong>No es faran inscripcions el dia de la cursa<\/strong><\/li>\n<li>Descarrega el document d&#8217;<a href=\"https:\/\/www.xallengerbtt.net\/wp\/wp-content\/uploads\/2018\/03\/autoritzacio-menors.pdf\" target=\"_blank\" rel=\"noopener\">autoritzaci\u00f3 per a menors d&#8217;edat (Xallenger BTT de les Terres de l&#8217;Ebre)<\/a>.<\/li>\n<li>Descarrega el document d&#8217;<a href=\"https:\/\/www.circuitebre.cat\/bundles\/circuitapp\/doc\/Autoritzacio_Menors_d_Edat.pdf\" target=\"_blank\" rel=\"noopener\">autoritzaci\u00f3 per a menors d&#8217;edat (Circuit de curses per muntanya de les Terres de l&#8217;Ebre)<\/a>.<\/li>\n<\/ul>\n<hr>\n<h3>Inscripci\u00f3 a Duextrem: duatl\u00f3 de muntanya<\/h3>\n<p style=\"margin: 5px 0px 2px 0px;\">De l&#8217;1\/8\/2024 al 13\/9\/2024:<br \/>\n* Federats 21 \u20ac<br \/>\nNo federats 25 \u20ac<\/p>\n<p>La cursa trail del duatl\u00f3 puntua al Circuit de curses per muntanya de les Terres de l&#8217;Ebre, tant al circuit absolut com a l&#8217;expr\u00e9s. Al fer la teva inscripci\u00f3 indica&#8217;ns al camp observacions, si vols puntuar a un circuit o a l&#8217;altre.<\/p>\n<p class=\"boto01\" style=\"max-width: 30%; margin: 5px 0%;\"><a href=\"http:\/\/www.runningseries.net\/inscripcio-cursa.php?id=406\" target=\"_blank\" rel=\"noopener\"><strong>fer inscripci\u00f3 Duextrem BTT+Trail<\/strong><\/a><\/p>\n<p class=\"boto02\" style=\"max-width: 30%; margin: 5px 0%;\"><a href=\"https:\/\/www.runningseries.net\/llistainscripcions\/406\" target=\"_blank\" rel=\"noopener\"><strong>llista d&#8217;inscripcions Duextrem BTT+Trail<\/strong><\/a><\/p>\n<p>* Llic\u00e8ncia en vigor de la FEEC modalitat &#8220;C&#8221; o superior o de la FEEC modalitat &#8220;C&#8221; o superior. En cas de disposar d&#8217;una de les dues llic\u00e8ncies, des de Monbike, ens fem c\u00e0rrec de la llic\u00e8ncia de dia de la llic\u00e8ncia que no disposis.<br \/>\nDes de Montbike ens encarregarem d&#8217;inscriure&#8217;t a la cursa BTT i a la cursa Trail perqu\u00e8 puguis puntuar al circuit corresponent.<\/p>\n<hr>\n<h3>Inscripci\u00f3 a Duextrem: trail<\/h3>\n<p style=\"margin: 5px 0px 2px 0px;\">De l&#8217;1\/8\/2024 al 13\/9\/2024:<br \/>\n* Federats 21 \u20ac<br \/>\nNo federats 25 \u20ac<\/p>\n<p>La cursa trail del Duextrem puntua tant al circuit absolut com a l&#8217;expr\u00e9s del Circuit de curses per muntanya de les Terres de l&#8217;Ebre. Al fer a teva inscripci\u00f3 tria fer la inscripci\u00f3 segons a quin circuit vulguis puntuar.<\/p>\n<p class=\"boto01\" style=\"max-width: 30%; margin: 5px 0%;\"><a href=\"http:\/\/www.runningseries.net\/inscripcio-cursa.php?id=407\" target=\"_blank\" rel=\"noopener\"><strong>fer inscripci\u00f3 Duextrem Trail (puntuable Circuit Absolut)<\/strong><\/a><\/p>\n<p class=\"boto02\" style=\"max-width: 30%; margin: 5px 0%;\"><a href=\"https:\/\/www.runningseries.net\/llistainscripcions\/407\" target=\"_blank\" rel=\"noopener\"><strong>llista d&#8217;inscripcions Duextrem Trail (puntuable Circuit Absolut)<\/strong><\/a><\/p>\n<p class=\"boto01\" style=\"max-width: 30%; margin: 5px 0%;\"><a href=\"http:\/\/www.runningseries.net\/inscripcio-cursa.php?id=408\" target=\"_blank\" rel=\"noopener\"><strong>fer inscripci\u00f3 Duextrem Trail (puntuable Circuit Expr\u00e9s)<\/strong><\/a><\/p>\n<p class=\"boto02\" style=\"max-width: 30%; margin: 5px 0%;\"><a href=\"https:\/\/www.runningseries.net\/llistainscripcions\/408\" target=\"_blank\" rel=\"noopener\"><strong>llista d&#8217;inscripcions Duextrem Trail (puntuable Circuit Expr\u00e9s)<\/strong><\/a><\/p>\n<p>* Llic\u00e8ncia en vigor de la FEEC modalitat &#8220;C&#8221; o superior.<\/p>\n<hr>\n<h3>Inscripci\u00f3 a Duextrem: BTT<\/h3>\n<p style=\"margin: 5px 0px 2px 0px;\">De l&#8217;1\/8\/2024 al 7\/9\/2024:<br \/>\n* Federats 21\u20ac<br \/>\nNo federats 25 \u20ac<\/p>\n<p>Del 8\/9\/2024 al 13\/9\/2024:<br \/>\n* Federats 26 \u20ac<br \/>\nNo federats 30 \u20ac<\/p>\n<p class=\"boto01\" style=\"max-width: 30%; margin: 5px 0%;\"><a href=\"https:\/\/www.xallengerbtt.net\/inscripcio\/14\" target=\"_blank\" rel=\"noopener\"><strong>fer inscripci\u00f3 Duextrem BTT<\/strong><\/a><\/p>\n<p class=\"boto02\" style=\"max-width: 30%; margin: 5px 0%;\"><a href=\"https:\/\/www.xallengerbtt.net\/llistainscripcions\/14\" target=\"_blank\" rel=\"noopener\"><strong>llista d&#8217;inscripcions Duextrem BTT<\/strong><\/a><\/p>\n<p>* Llic\u00e8ncia en vigor de la Federaci\u00f3 Catalana Ciclisme<\/p>\n<hr>\n<p><strong>Recorda que el dia del Duextrem no es faran inscripcions<\/strong><\/p>\n<p>El pagament de les inscripcions es far\u00e0 \u00fanicament amb targeta de cr\u00e8dit mitjan\u00e7ant entorn segur de TPV virtual.<\/p>\n<p>Si ets vegatari\u00e0\/ana o veg\u00e0\/ana indica&#8217;ns-ho al moment de fer la inscripci\u00f3 per a tenir-ho en compte al dinar post-cursa.<\/p>\n","protected":false},"excerpt":{"rendered":"<p>Inscripcions Per\u00edode d&#8217;inscripcions: de l&#8217;1\/8\/2024 (9:00 h) fins a 13\/9\/2024 (23:59 h) No es faran inscripcions el dia de la cursa Descarrega el document d&#8217;autoritzaci\u00f3 per a menors d&#8217;edat (Xallenger BTT de les Terres de l&#8217;Ebre). Descarrega el document d&#8217;autoritzaci\u00f3 <a class=\"more-link\" href=\"https:\/\/www.montbike.org\/duextremamposta\/inscripcions\/\">Continueu llegint <span class=\"screen-reader-text\">  Inscripcions<\/span><span class=\"meta-nav\">&rarr;<\/span><\/a><\/p>\n","protected":false},"author":1,"featured_media":2254,"parent":0,"menu_order":3,"comment_status":"closed","ping_status":"closed","template":"","meta":[],"_links":{"self":[{"href":"https:\/\/www.montbike.org\/duextremamposta\/wp-json\/wp\/v2\/pages\/30"}],"collection":[{"href":"https:\/\/www.montbike.org\/duextremamposta\/wp-json\/wp\/v2\/pages"}],"about":[{"href":"https:\/\/www.montbike.org\/duextremamposta\/wp-json\/wp\/v2\/types\/page"}],"author":[{"embeddable":true,"href":"https:\/\/www.montbike.org\/duextremamposta\/wp-json\/wp\/v2\/users\/1"}],"replies":[{"embeddable":true,"href":"https:\/\/www.montbike.org\/duextremamposta\/wp-json\/wp\/v2\/comments?post=30"}],"version-history":[{"count":76,"href":"https:\/\/www.montbike.org\/duextremamposta\/wp-json\/wp\/v2\/pages\/30\/revisions"}],"predecessor-version":[{"id":3029,"href":"https:\/\/www.montbike.org\/duextremamposta\/wp-json\/wp\/v2\/pages\/30\/revisions\/3029"}],"wp:featuredmedia":[{"embeddable":true,"href":"https:\/\/www.montbike.org\/duextremamposta\/wp-json\/wp\/v2\/media\/2254"}],"wp:attachment":[{"href":"https:\/\/www.montbike.org\/duextremamposta\/wp-json\/wp\/v2\/media?parent=30"}],"curies":[{"name":"wp","href":"https:\/\/api.w.org\/{rel}","templated":true}]}}