{"id":2909,"date":"2024-07-24T12:11:05","date_gmt":"2024-07-24T10:11:05","guid":{"rendered":"https:\/\/www.montbike.org\/duextremamposta\/?page_id=2909"},"modified":"2024-09-10T17:28:39","modified_gmt":"2024-09-10T15:28:39","slug":"duextrem-amposta-duatlo-muntanya","status":"publish","type":"page","link":"https:\/\/www.montbike.org\/duextremamposta\/duextrem-amposta-duatlo-muntanya\/","title":{"rendered":"Duatl\u00f3 de muntanya"},"content":{"rendered":"<h1>X Duextrem Amposta: Duatl\u00f3 de muntanya<\/h1>\n<h2>Diumenge, 15 de setembre de 2024<\/h2>\n<h3>Sortida i arribada: Finca Cabiscol &#8211; Temps de Terra<\/h3>\n<p>&nbsp;<\/p>\n<h4><strong>Cursa Trail<\/strong><\/h4>\n<p><strong>Sortida a les 8:00 h.<\/strong><br \/>\n18 Km i 1.000 md+<br \/>\nPuntuable al Circuit de curses de muntanya de les Terres de l&#8217;Ebre 2024. En el moment de fer la inscripci\u00f3 indica&#8217;ns al camp &#8220;obervacions&#8221; si vols puntuar al circuit absolut o expr\u00e9s.<br \/>\n&nbsp;<br \/>\n<strong>Transici\u00f3 Trail-BTT<br \/>\n<\/strong><\/p>\n<h4><strong>Cursa BTT XC-Sprint<\/strong><\/h4>\n<p>25 Km i 450 md+<br \/>\nPuntuable a la Xallenger BTT Terres de l&#8217;Ebre 2024.<br \/>\n&nbsp;<br \/>\n<strong>Per\u00edode d&#8217;inscripcions: 1\/8\/2024 (9:00 h.) al 13\/9\/2024 (23:59 h.)<\/strong><br \/>\n<strong>No es faran inscripcions el dia de la cursa<\/strong><br \/>\nCom que la cursa trail del duatl\u00f3, puntua tant al Circuit Absolut com a l&#8217;Expr\u00e9s, indica&#8217;ns al fer la teva inscripci\u00f3 (camp &#8220;observacions&#8221;) a quin circuit vols puntuar.<\/p>\n<p class=\"boto01\" style=\"display: noneeee;\"><a href=\"\/duextremamposta\/inscripcions\" target=\"_blank\" rel=\"noopener\"><strong>fer inscripci\u00f3<\/strong><\/a><\/p>\n<p>Des de Montbike ens encarregarem de fer la inscripci\u00f3 al Circuit de curses de muntanya i a la Xallenger BTT Terres del&#8217;Ebre.<\/p>\n<div style=\"width: 100%; height: 10px; clear: both;\"><\/div>\n<p><a href=\"https:\/\/www.montbike.org\/duextremamposta\/wp-content\/uploads\/2024\/08\/2024-perfil-trail.jpg\"><img loading=\"lazy\" src=\"https:\/\/www.montbike.org\/duextremamposta\/wp-content\/uploads\/2024\/08\/2024-perfil-trail.jpg\" alt=\"\" width=\"1325\" height=\"500\" class=\"alignnone size-full wp-image-2997\" srcset=\"https:\/\/www.montbike.org\/duextremamposta\/wp-content\/uploads\/2024\/08\/2024-perfil-trail.jpg 1325w, https:\/\/www.montbike.org\/duextremamposta\/wp-content\/uploads\/2024\/08\/2024-perfil-trail-300x113.jpg 300w, https:\/\/www.montbike.org\/duextremamposta\/wp-content\/uploads\/2024\/08\/2024-perfil-trail-1024x386.jpg 1024w, https:\/\/www.montbike.org\/duextremamposta\/wp-content\/uploads\/2024\/08\/2024-perfil-trail-768x290.jpg 768w\" sizes=\"(max-width: 1325px) 100vw, 1325px\" \/><\/a><\/p>\n<div style=\"width: 100%; height: 20px; clear: both;\"><\/div>\n<p><iframe style=\"width: 100%; height: 500px; margin: 0px;\" src=\"https:\/\/ca.wikiloc.com\/wikiloc\/spatialArtifacts.do?event=view&amp;id=179985364&amp;measures=off&amp;title=off&amp;near=off&amp;images=off&amp;maptype=H\" frameborder=\"0\" scrolling=\"no\"><\/iframe><\/p>\n<p class=\"boto02\" style=\"display: noneeee;\"><a href=\"https:\/\/ca.wikiloc.com\/rutes-correr\/duextrem-trail-2024-179985364\" target=\"_blank\" rel=\"noopener\">descarregar track de la cursa trail (wikiloc)<\/strong><\/a><\/p>\n<p>&nbsp;<\/p>\n<div style=\"width: 100%; height: 20px; clear: both;\"><\/div>\n<p><strong>Perfil i Track XC-Sprint: 26Km i +350md<\/strong><br \/>\n<a href=\"https:\/\/www.montbike.org\/duextremamposta\/wp-content\/uploads\/2024\/08\/2024-perfil-xc-sprint-p.png\" target=\"_blank\" rel=\"noopener\"><img loading=\"lazy\" class=\"alignnone size-full wp-image-3019\" src=\"https:\/\/www.montbike.org\/duextremamposta\/wp-content\/uploads\/2024\/08\/2024-perfil-xc-sprint-p.png\" alt=\"perfil BTT XC-Sprint Duextrem Amposta 2024\" width=\"1325\" height=\"500\" srcset=\"https:\/\/www.montbike.org\/duextremamposta\/wp-content\/uploads\/2024\/08\/2024-perfil-xc-sprint-p.png 1325w, https:\/\/www.montbike.org\/duextremamposta\/wp-content\/uploads\/2024\/08\/2024-perfil-xc-sprint-p-300x113.png 300w, https:\/\/www.montbike.org\/duextremamposta\/wp-content\/uploads\/2024\/08\/2024-perfil-xc-sprint-p-1024x386.png 1024w, https:\/\/www.montbike.org\/duextremamposta\/wp-content\/uploads\/2024\/08\/2024-perfil-xc-sprint-p-768x290.png 768w\" sizes=\"(max-width: 1325px) 100vw, 1325px\" \/><\/a><\/p>\n<p class=\"boto02\" style=\"display: noneeee;\"><a href=\"https:\/\/ca.wikiloc.com\/rutes-btt\/duo-2024-btt-sprint-184242178\" target=\"_blank\" rel=\"noopener\">descarregar track BTT XC-Sprint (wikiloc)<\/a><\/p>\n<p><iframe style=\"width: 100%; height: 500px; margin: 0px;\" src=\"https:\/\/ca.wikiloc.com\/wikiloc\/spatialArtifacts.do?event=view&amp;id=184242178&amp;measures=off&amp;title=off&amp;near=off&amp;images=off&amp;maptype=H\" frameborder=\"0\" scrolling=\"no\"><\/iframe><\/p>\n<p class=\"boto02\" style=\"display: noneeee;\"><a href=\"https:\/\/ca.wikiloc.com\/rutes-btt\/duo-2024-btt-sprint-184242178\" target=\"_blank\" rel=\"noopener\">descarregar track BTT XC-Sprint (wikiloc)<\/a><\/p>\n<p>&nbsp;<\/p>\n<hr \/>\n<p>Nota: l&#8217;organitzaci\u00f3 es reserva el dret de modificar aquests recorreguts en cas de necessitat t\u00e8cnica o per seguretat dels participants.<\/p>\n","protected":false},"excerpt":{"rendered":"<p>X Duextrem Amposta: Duatl\u00f3 de muntanya Diumenge, 15 de setembre de 2024 Sortida i arribada: Finca Cabiscol &#8211; Temps de Terra &nbsp; Cursa Trail Sortida a les 8:00 h. 18 Km i 1.000 md+ Puntuable al Circuit de curses de <a class=\"more-link\" href=\"https:\/\/www.montbike.org\/duextremamposta\/duextrem-amposta-duatlo-muntanya\/\">Continueu llegint <span class=\"screen-reader-text\">  Duatl\u00f3 de muntanya<\/span><span class=\"meta-nav\">&rarr;<\/span><\/a><\/p>\n","protected":false},"author":1,"featured_media":2887,"parent":0,"menu_order":0,"comment_status":"closed","ping_status":"closed","template":"","meta":[],"_links":{"self":[{"href":"https:\/\/www.montbike.org\/duextremamposta\/wp-json\/wp\/v2\/pages\/2909"}],"collection":[{"href":"https:\/\/www.montbike.org\/duextremamposta\/wp-json\/wp\/v2\/pages"}],"about":[{"href":"https:\/\/www.montbike.org\/duextremamposta\/wp-json\/wp\/v2\/types\/page"}],"author":[{"embeddable":true,"href":"https:\/\/www.montbike.org\/duextremamposta\/wp-json\/wp\/v2\/users\/1"}],"replies":[{"embeddable":true,"href":"https:\/\/www.montbike.org\/duextremamposta\/wp-json\/wp\/v2\/comments?post=2909"}],"version-history":[{"count":14,"href":"https:\/\/www.montbike.org\/duextremamposta\/wp-json\/wp\/v2\/pages\/2909\/revisions"}],"predecessor-version":[{"id":3035,"href":"https:\/\/www.montbike.org\/duextremamposta\/wp-json\/wp\/v2\/pages\/2909\/revisions\/3035"}],"wp:featuredmedia":[{"embeddable":true,"href":"https:\/\/www.montbike.org\/duextremamposta\/wp-json\/wp\/v2\/media\/2887"}],"wp:attachment":[{"href":"https:\/\/www.montbike.org\/duextremamposta\/wp-json\/wp\/v2\/media?parent=2909"}],"curies":[{"name":"wp","href":"https:\/\/api.w.org\/{rel}","templated":true}]}}