{"id":29,"date":"2011-01-11T16:37:49","date_gmt":"2011-01-11T16:37:49","guid":{"rendered":"http:\/\/cluster013.ovh.net\/~duextrem\/mb\/?page_id=18"},"modified":"2024-09-04T12:17:04","modified_gmt":"2024-09-04T10:17:04","slug":"reglament-i-trofeus","status":"publish","type":"page","link":"https:\/\/www.montbike.org\/duextremamposta\/reglament-i-trofeus\/","title":{"rendered":"Normes, reglaments i trofeus"},"content":{"rendered":"<div style=\"display: noneeeee;\">\n<h2><a href=\"https:\/\/www.montbike.org\/duextremamposta\/ca\/curses-btt\/\">Duextrem BTT (15\/9\/2024)<\/a><\/h2>\n<h3>Informaci\u00f3 b\u00e0sica:<\/h3>\n<ul>\n<li>Les curses XC-Rally, XC-Sprint seran putuables a la Xallenger BTT Terres de l&#8217;Ebre del 2024. La modalitat Ebike no ser\u00e0 competitiva i els participants podran triar fer el recorregut llarg o el curt.<\/li>\n<li>Les curses es regeixen pel <a href=\"https:\/\/www.xallengerbtt.net\/reglament\" target=\"_blank\" rel=\"noopener\">reglament de la Xallenger BTT Terres de l&#8217;Ebre<\/a>.<\/li>\n<li><strong>No es faran inscripcions el dia de la cursa.<\/strong><\/li>\n<li><a href=\"https:\/\/www.montbike.org\/duextremamposta\/inscripcions\/\"><strong>Inscripcions: preus, per\u00edodes d&#8217;inscripci\u00f3, &#8230;<\/strong><\/a><\/li>\n<li>Per q\u00fcestions de sostenibilitat i cura de l\u2019entorn, <strong>no hi haur\u00e0 gots als avituallaments<\/strong> de cap de les modalitats, pel que es demana als participants que portin got, ampolla reomplible o dip\u00f2sit (motxilla). No es permetr\u00e0 beure directament dels envasos en els que l\u2019organitzaci\u00f3 hagi portat la beguda als punts d\u2019avituallament.<\/li>\n<li><strong>Categories:<\/strong>\n<ul>\n<li>SUB18 (S18): entre 16 i 17 anys.<\/li>\n<li>SUB23 (S23): entre 18 i 22 anys.<\/li>\n<li>S\u00e8nior (SEN): entre\u00a023 i 29 anys.<\/li>\n<li>M\u00e0ster 30 (M30): entre 30 i 39 anys.<\/li>\n<li>M\u00e0ster 40 (M40): entre\u00a040 i 49 anys.<\/li>\n<li>M\u00e0ster 50 (M50): entre\u00a050 i 59 anys.<\/li>\n<li>M\u00e0ster 60 (M60): a partir de 60 anys.<\/li>\n<li>Categories basades en els anys que compleix el\/la participant durant l&#8217;any de la cursa.<\/li>\n<\/ul>\n<\/li>\n<li><strong>Trofeus curses BTT:<\/strong>\n<ul>\n<li>3 primers\/es de la cursa XC-Rally.<\/li>\n<li>3 primers\/es de la cursa XC-Sprint.<\/li>\n<li>1r i 1a locals de la cursa XC-Rally, trofeu Patxi.<\/li>\n<li>1r i 1a locals de la cursa XC-Sprint, trofeu Patxi.<\/li>\n<\/ul>\n<\/li>\n<li>Es consideraren federats els\/les inscrits\/es que tinguin <strong>en vigor la targeta federativa de la Federaci\u00f3 Catalana de Ciclisme<\/strong>. En cas de no disposar de llic\u00e8ncia federativa es cobrar\u00e0, en el moment de la inscripci\u00f3, l&#8217;import corresponent a la llic\u00e8ncia d&#8217;un dia.<\/li>\n<li>Tot i que es tracti de curses BTT, que majorit\u00e0riament recorren senders i pistes, hi haur\u00e0 alguns trams oberts el tr\u00e0nsit en els que s&#8217;haur\u00e0 de posar atenci\u00f3 als vehicles que hi puguin circular.<\/li>\n<li>En tot moment s&#8217;haur\u00e0 de fer cas a les indicacions de la Policia Local, Mossos d&#8217;Esquadra, Protecci\u00f3 Civil o membre de l&#8217;organitzaci\u00f3.<\/li>\n<\/ul>\n<p>&nbsp;<\/p>\n<\/div>\n<div style=\"display: noneeeee;\">\n<h2><a href=\"https:\/\/www.montbike.org\/duextremamposta\/la-cursa-trail\/\">Duextrem Trail (15\/9\/2024)<\/a><\/h2>\n<h3>Informaci\u00f3 b\u00e0sica:<\/h3>\n<ul>\n<li>La cursa trail ser\u00e0 puntuable al Circuit de Curses per Muntanya de les Terres de l&#8217;Ebre del 2024.<\/li>\n<li>Aquesta cursa es regeixen pel <a href=\"https:\/\/www.circuitebre.cat\/reglaments\/\" target=\"_blank\" rel=\"noopener\">reglament del Circuit de curses per muntanya de les Terres de l&#8217;Ebre 2024<\/a>.<\/li>\n<li><strong>No es faran inscripcions el dia de la cursa.<\/strong><\/li>\n<li><a href=\"https:\/\/www.montbike.org\/duextremamposta\/inscripcions\/\"><strong>Inscripcions: preus, per\u00edodes d&#8217;inscripci\u00f3, &#8230;<\/strong><\/a><\/li>\n<li>Per q\u00fcestions de sostenibilitat i cura de l\u2019entorn, <strong>no hi haur\u00e0 gots als avituallaments<\/strong> de cap de les modalitats, pel que es demana als participants que portin got, ampolla reomplible o dip\u00f2sit (motxilla). No es permetr\u00e0 beure directament dels envasos en els que l\u2019organitzaci\u00f3 hagi portat la beguda als punts d\u2019avituallament.<\/li>\n<li>Es consideraran federats els\/les inscrits\/tes que tinguin en vigor la targeta federativa de la Federaci\u00f3 d&#8217;Entitats Excursionistes de Catalunya (FEEC). En cas de no disposar de llic\u00e8ncia federativa es cobrar\u00e0, al moment de la inscripci\u00f3, l&#8217;import corresponent a la llic\u00e8ncia d&#8217;un dia.<\/li>\n<li>Tot i tractar-se de curses per muntanya, que majorit\u00e0riament recorren senders i corriols, hi haur\u00e0 alguns trams oberts al tr\u00e0nsit en els que caldr\u00e0 parar atenci\u00f3 als vehicles que hi puguin circular.<\/li>\n<li>En tot moment caldr\u00e0 fer cas de les indicacions de la policia local, mossos d&#8217;esquadra, protecci\u00f3 civil o membre de l&#8217;organitzaci\u00f3.<\/li>\n<li><strong>Categories Trail Absolut i Trail Expr\u00e9s:<\/strong>\n<ul>\n<li>Absoluta (a partir de 21 anys)\n<ul>\n<li>Promesa (21, 22 i 23 anys)<\/li>\n<li>Veter\u00e0 (entre 40 i 49 anys)<\/li>\n<li>M\u00e0ster 50 (entre 50 i 59 anys)<\/li>\n<li>M\u00e0ster 60 (a partir de 60 anys)<\/li>\n<\/ul>\n<\/li>\n<li><strong>Trofeus Trail Absolut:<\/strong>\n<ul>\n<li>3 primers i primeres absoluts<\/li>\n<li>1r i 1a Promesa<\/li>\n<li>1r i 1a Veter\u00e0<\/li>\n<li>1r i 1a M\u00e0ster 50<\/li>\n<li>1r i 1a M\u00e0ster 60<\/li>\n<li>1r i 1a Locals<\/li>\n<\/ul>\n<\/li>\n<li><strong>Trofeus Trail Expr\u00e9s:<\/strong>\n<ul>\n<li>3 primers i primeres absoluts<\/li>\n<\/ul>\n<\/li>\n<\/ul>\n<\/li>\n<\/ul>\n<\/div>\n<div style=\"display: noneeeee;\">\n<h2><a href=\"https:\/\/www.montbike.org\/duextremamposta\/ca\/duatlo\/\">Duextrem &#8211; Duatl\u00f3 de muntanya (15\/9\/2024)<\/a><\/h2>\n<h3>Informaci\u00f3 b\u00e0sica:<\/h3>\n<ul>\n<li>El Duextrem Amposta, duatl\u00f3 de muntanya \u00e9s una competici\u00f3 pr\u00f2pia de Montbike, format per una cursa de muntanya i una cursa de BTT.<\/li>\n<li>La cursa de muntanya ser\u00e0 puntuable al Circuit de curses de muntanya de les Terres de l&#8217;Ebre i es regir\u00e0 pel <a href=\"https:\/\/www.circuitebre.cat\/reglaments\/\" target=\"_blank\" rel=\"noopener\">reglament d&#8217;aquest Circuit<\/a>.<\/li>\n<li>La cursa BTT ser\u00e0 puntuable a la Xallenger BTT Terres de l&#8217;Ebre i es regir\u00e0 pel <a href=\"https:\/\/www.xallengerbtt.net\/reglament\" target=\"_blank\" rel=\"noopener\">reglament d&#8217;aquest Circuit<\/a>.<\/li>\n<li>Els participants s&#8217;hauran d&#8217;inscriure al Duextrem i des de Montbike ens encarregarem de fer la inscripci\u00f3 corresponent al Circuit de curses de muntanya de les Terres de l&#8217;Ebre i a la Xallenger BTT Terres de l&#8217;Ebre.<\/li>\n<li><strong>No es faran inscripcions el dia de la cursa.<\/strong><\/li>\n<li><a href=\"https:\/\/www.montbike.org\/duextremamposta\/inscripcions\/\"><strong>Inscripcions: preus, per\u00edodes d&#8217;inscripci\u00f3, &#8230;<\/strong><\/a><\/li>\n<li>Per q\u00fcestions de sostenibilitat i cura de l\u2019entorn, <strong>no hi haur\u00e0 gots als avituallaments<\/strong> de cap de les modalitats, i per aix\u00f2 es demana als participants que portin got, ampolla reomplible o dip\u00f2sit (motxilla). No es permetr\u00e0 beure directament dels envasos en els quals l\u2019organitzaci\u00f3 hagi portat la beguda als punts d\u2019avituallament.<\/li>\n<li style=\"display: noneee;\"><strong>Categories:<\/strong>\n<ul>\n<li>SUB18 (S18): entre 16 i 17 anys.<\/li>\n<li>SUB23 (S23): entre 18 i 22 anys.<\/li>\n<li>S\u00e8nior (SEN): entre\u00a023 i 29 anys.<\/li>\n<li>M\u00e0ster 30 (M30): entre 30 i 39 anys.<\/li>\n<li>M\u00e0ster 40 (M40): entre\u00a040 i 49 anys.<\/li>\n<li>M\u00e0ster 50 (M50): entre\u00a050 i 59 anys.<\/li>\n<li>M\u00e0ster 60 (M60): a partir de 60 anys.<\/li>\n<li>Categories basades en els anys que compleix el\/la participant durant l&#8217;any de la cursa.<\/li>\n<\/ul>\n<\/li>\n<li style=\"display: noneee;\"><strong>Trofeus curses Duextrem &#8211; Duatl\u00f3 de muntanya:<\/strong>\n<ul>\n<li>3 primers\/es absoluts.<\/li>\n<li>1r i 1a locals.<\/li>\n<\/ul>\n<\/li>\n<li>Es consideraren federats els\/les inscrits\/es que tinguin <strong>en vigor la targeta federativa de la Federaci\u00f3 Catalana de Ciclisme o de la Federaci\u00f3 d&#8217;Entitats Excursionistes de Catalunya (FEEC)<\/strong>. En cas de no disposar de llic\u00e8ncia federativa es cobrar\u00e0, en el moment de la inscripci\u00f3, l&#8217;import corresponent a la llic\u00e8ncia d&#8217;un dia.<\/li>\n<li>Tot i que es tracti d&#8217;una cursa BTT i una cursa de muntanya, que majorit\u00e0riament recorren senders i pistes, hi haur\u00e0 alguns trams oberts el tr\u00e0nsit en els que s&#8217;haur\u00e0 de posar atenci\u00f3 als vehicles que hi puguin circular.<\/li>\n<li>En tot moment s&#8217;haur\u00e0 de fer cas a les indicacions de la Policia Local, Mossos d&#8217;Esquadra, Protecci\u00f3 Civil o membre de l&#8217;organitzaci\u00f3.<\/li>\n<\/ul>\n<p>&nbsp;<\/p>\n<\/div>\n","protected":false},"excerpt":{"rendered":"<p>Duextrem BTT (15\/9\/2024) Informaci\u00f3 b\u00e0sica: Les curses XC-Rally, XC-Sprint seran putuables a la Xallenger BTT Terres de l&#8217;Ebre del 2024. La modalitat Ebike no ser\u00e0 competitiva i els participants podran triar fer el recorregut llarg o el curt. Les curses <a class=\"more-link\" href=\"https:\/\/www.montbike.org\/duextremamposta\/reglament-i-trofeus\/\">Continueu llegint <span class=\"screen-reader-text\">  Normes, reglaments i trofeus<\/span><span class=\"meta-nav\">&rarr;<\/span><\/a><\/p>\n","protected":false},"author":1,"featured_media":0,"parent":0,"menu_order":5,"comment_status":"closed","ping_status":"closed","template":"","meta":[],"_links":{"self":[{"href":"https:\/\/www.montbike.org\/duextremamposta\/wp-json\/wp\/v2\/pages\/29"}],"collection":[{"href":"https:\/\/www.montbike.org\/duextremamposta\/wp-json\/wp\/v2\/pages"}],"about":[{"href":"https:\/\/www.montbike.org\/duextremamposta\/wp-json\/wp\/v2\/types\/page"}],"author":[{"embeddable":true,"href":"https:\/\/www.montbike.org\/duextremamposta\/wp-json\/wp\/v2\/users\/1"}],"replies":[{"embeddable":true,"href":"https:\/\/www.montbike.org\/duextremamposta\/wp-json\/wp\/v2\/comments?post=29"}],"version-history":[{"count":49,"href":"https:\/\/www.montbike.org\/duextremamposta\/wp-json\/wp\/v2\/pages\/29\/revisions"}],"predecessor-version":[{"id":3027,"href":"https:\/\/www.montbike.org\/duextremamposta\/wp-json\/wp\/v2\/pages\/29\/revisions\/3027"}],"wp:attachment":[{"href":"https:\/\/www.montbike.org\/duextremamposta\/wp-json\/wp\/v2\/media?parent=29"}],"curies":[{"name":"wp","href":"https:\/\/api.w.org\/{rel}","templated":true}]}}