{"id":2441,"date":"2020-02-07T19:59:40","date_gmt":"2020-02-07T17:59:40","guid":{"rendered":"http:\/\/www.montbike.org\/duextremamposta\/?page_id=2441"},"modified":"2024-09-10T09:00:47","modified_gmt":"2024-09-10T07:00:47","slug":"duextrem-amposta","status":"publish","type":"page","link":"https:\/\/www.montbike.org\/duextremamposta\/","title":{"rendered":"Duextrem Amposta: Duatl\u00f3 de muntanya, trail i BTT"},"content":{"rendered":"<h2>Diumenge, 15 de setembre de 2024<\/h2>\n<h3>Sortida i arribada: Finca Cabiscol &#8211; Temps de Terra<\/h3>\n<h3>Inscripcions de l&#8217;1\/8\/2024 (9:00 h) fins a 13\/9\/2024 (23:59 h)<\/h3>\n<p><strong>No es faran inscripcions el dia de la cursa<\/strong><\/p>\n<p>Enguany tornem als or\u00edgens del Duextrem Amposta, amb el duatl\u00f3 de muntanya (BTT + Trail). La cursa BTT ser\u00e0 puntuable a la modalitat XC-Sprint de la Xallenger BTT Terres de l&#8217;Ebre. La cursa de muntanya ser\u00e0 puntuable al Circuit de Curses de Muntanya de les Terres de l&#8217;Ebre, tant per al circuit absolut com per a l&#8217;expr\u00e9s (ho has d&#8217;indicar al fer la teva inscripci\u00f3 al duatl\u00f3).<\/p>\n<p>En BTT com en tota la Xallenger BTT Terres de l&#8217;Ebre 2024, pots inscriure&#8217;t a la modalitat XC-Sprint (recorregut curt), XC-Rally (recorregut llarg) o a la modalitat no competitiva amb ebike (triar\u00e0s fer el recorregut curt o el llarg).<\/p>\n<p>La cursa per muntanya, ser\u00e0 puntuable al Circuit de curses per muntanya de les Terres de l&#8217;Ebre 2024. Per les seves caracter\u00edstiques puntuar\u00e0 tant per al circuit absolut com per a l&#8217;expr\u00e9s. Hoha d&#8217;indicar al fer la inscripci\u00f3 (triar absolut o expr\u00e9s)<\/p>\n<p>Tu tries: duatl\u00f3 de muntanya, cursa trail o cursa BTT.<\/p>\n","protected":false},"excerpt":{"rendered":"<p>Diumenge, 15 de setembre de 2024 Sortida i arribada: Finca Cabiscol &#8211; Temps de Terra Inscripcions de l&#8217;1\/8\/2024 (9:00 h) fins a 13\/9\/2024 (23:59 h) No es faran inscripcions el dia de la cursa Enguany tornem als or\u00edgens del Duextrem <a class=\"more-link\" href=\"https:\/\/www.montbike.org\/duextremamposta\/\">Continueu llegint <span class=\"screen-reader-text\">  Duextrem Amposta: Duatl\u00f3 de muntanya, trail i BTT<\/span><span class=\"meta-nav\">&rarr;<\/span><\/a><\/p>\n","protected":false},"author":1,"featured_media":2801,"parent":0,"menu_order":0,"comment_status":"closed","ping_status":"closed","template":"","meta":[],"_links":{"self":[{"href":"https:\/\/www.montbike.org\/duextremamposta\/wp-json\/wp\/v2\/pages\/2441"}],"collection":[{"href":"https:\/\/www.montbike.org\/duextremamposta\/wp-json\/wp\/v2\/pages"}],"about":[{"href":"https:\/\/www.montbike.org\/duextremamposta\/wp-json\/wp\/v2\/types\/page"}],"author":[{"embeddable":true,"href":"https:\/\/www.montbike.org\/duextremamposta\/wp-json\/wp\/v2\/users\/1"}],"replies":[{"embeddable":true,"href":"https:\/\/www.montbike.org\/duextremamposta\/wp-json\/wp\/v2\/comments?post=2441"}],"version-history":[{"count":53,"href":"https:\/\/www.montbike.org\/duextremamposta\/wp-json\/wp\/v2\/pages\/2441\/revisions"}],"predecessor-version":[{"id":3030,"href":"https:\/\/www.montbike.org\/duextremamposta\/wp-json\/wp\/v2\/pages\/2441\/revisions\/3030"}],"wp:featuredmedia":[{"embeddable":true,"href":"https:\/\/www.montbike.org\/duextremamposta\/wp-json\/wp\/v2\/media\/2801"}],"wp:attachment":[{"href":"https:\/\/www.montbike.org\/duextremamposta\/wp-json\/wp\/v2\/media?parent=2441"}],"curies":[{"name":"wp","href":"https:\/\/api.w.org\/{rel}","templated":true}]}}