{"id":2054,"date":"2018-09-14T13:23:04","date_gmt":"2018-09-14T11:23:04","guid":{"rendered":"http:\/\/www.montbike.org\/duextremamposta\/?page_id=2054"},"modified":"2024-07-24T11:18:26","modified_gmt":"2024-07-24T09:18:26","slug":"serveis","status":"publish","type":"page","link":"https:\/\/www.montbike.org\/duextremamposta\/serveis\/","title":{"rendered":"Serveis"},"content":{"rendered":"<div style=\"display: noneeeee;\">\n<ul>\n<li>Aparcament gratu\u00eft a l&#8217;entrada de la Finca Temps de Terra.<\/li>\n<li>Guarda-roba (entrega a l&#8217;entrega de dorsals i recollida a la zona de l&#8217;avituallament post cursa).<\/li>\n<li>Avituallaments en cursa.<\/li>\n<li>Avituallament (dinar) al finalitzar la cursa.<\/li>\n<li>Atenci\u00f3: els vegetarians\/vegans o els que tinguen intoler\u00e0ncies aliment\u00e0ries, indiqueu-ho al fer la inscripci\u00f3 (camp &#8220;observacions&#8221;) per a preparar-vos un dinar adaptat a vosaltres.<\/li>\n<li>Venda de tiquets de beguda\/dinar per a acompanyants.<\/li>\n<li>Dutxes al <a href=\"https:\/\/www.google.com\/maps\/dir\/Temps+de+terra,+Finca+Temps+de+Terra,+Partida+de+l'ametller,+s%2Fn,+43870+Amposta,+Tarragona\/Carrer+Sebasti%C3%A0+Juan+Arb%C3%B3,+4,+43870+Amposta,+Tarragona\/@40.6972563,0.5415911,14z\/data=!3m1!4b1!4m14!4m13!1m5!1m1!1s0x12a0fedb6152e385:0x13f4301fe76e1063!2m2!1d0.539926!2d40.6827372!1m5!1m1!1s0x12a0fe72cddb8f4d:0xd44eefe98b4bb2d8!2m2!1d0.5822653!2d40.7060551!3e0\" target=\"_blank\" rel=\"noopener\">pavell\u00f3 poliesportiu d&#8217;Amposta, carrer Sebast\u00e0 Juan Arb\u00f3, 4<\/a>.<\/li>\n<\/ul>\n<\/div>\n","protected":false},"excerpt":{"rendered":"<p>Aparcament gratu\u00eft a l&#8217;entrada de la Finca Temps de Terra. Guarda-roba (entrega a l&#8217;entrega de dorsals i recollida a la zona de l&#8217;avituallament post cursa). Avituallaments en cursa. Avituallament (dinar) al finalitzar la cursa. Atenci\u00f3: els vegetarians\/vegans o els que <a class=\"more-link\" href=\"https:\/\/www.montbike.org\/duextremamposta\/serveis\/\">Continueu llegint <span class=\"screen-reader-text\">  Serveis<\/span><span class=\"meta-nav\">&rarr;<\/span><\/a><\/p>\n","protected":false},"author":1,"featured_media":2798,"parent":0,"menu_order":0,"comment_status":"closed","ping_status":"closed","template":"","meta":[],"_links":{"self":[{"href":"https:\/\/www.montbike.org\/duextremamposta\/wp-json\/wp\/v2\/pages\/2054"}],"collection":[{"href":"https:\/\/www.montbike.org\/duextremamposta\/wp-json\/wp\/v2\/pages"}],"about":[{"href":"https:\/\/www.montbike.org\/duextremamposta\/wp-json\/wp\/v2\/types\/page"}],"author":[{"embeddable":true,"href":"https:\/\/www.montbike.org\/duextremamposta\/wp-json\/wp\/v2\/users\/1"}],"replies":[{"embeddable":true,"href":"https:\/\/www.montbike.org\/duextremamposta\/wp-json\/wp\/v2\/comments?post=2054"}],"version-history":[{"count":13,"href":"https:\/\/www.montbike.org\/duextremamposta\/wp-json\/wp\/v2\/pages\/2054\/revisions"}],"predecessor-version":[{"id":2897,"href":"https:\/\/www.montbike.org\/duextremamposta\/wp-json\/wp\/v2\/pages\/2054\/revisions\/2897"}],"wp:featuredmedia":[{"embeddable":true,"href":"https:\/\/www.montbike.org\/duextremamposta\/wp-json\/wp\/v2\/media\/2798"}],"wp:attachment":[{"href":"https:\/\/www.montbike.org\/duextremamposta\/wp-json\/wp\/v2\/media?parent=2054"}],"curies":[{"name":"wp","href":"https:\/\/api.w.org\/{rel}","templated":true}]}}