{"id":1946,"date":"2018-09-08T11:33:57","date_gmt":"2018-09-08T09:33:57","guid":{"rendered":"http:\/\/www.montbike.org\/duextremamposta\/?page_id=1946"},"modified":"2022-05-24T13:50:04","modified_gmt":"2022-05-24T11:50:04","slug":"com-arribar","status":"publish","type":"page","link":"https:\/\/www.montbike.org\/duextremamposta\/com-arribar\/","title":{"rendered":"Com arribar"},"content":{"rendered":"<p><strong>Totes les activitats es realitzaran (sortides i arribades) a la finca del Cabiscol &#8211; Temps de Terra.<\/strong><\/p>\n<p>A la finca Temps de Terra no hi haur\u00e0 dutxes per\u00f2 en tindreu a la vostra disposici\u00f3 al <a href=\"https:\/\/www.google.com\/maps\/dir\/Temps+de+terra,+Finca+Temps+de+Terra,+Partida+de+l'ametller,+s%2Fn,+43870+Amposta,+Tarragona\/Carrer+Sebasti%C3%A0+Juan+Arb%C3%B3,+4,+43870+Amposta,+Tarragona\/@40.6972563,0.5415911,14z\/data=!3m1!4b1!4m14!4m13!1m5!1m1!1s0x12a0fedb6152e385:0x13f4301fe76e1063!2m2!1d0.539926!2d40.6827372!1m5!1m1!1s0x12a0fe72cddb8f4d:0xd44eefe98b4bb2d8!2m2!1d0.5822653!2d40.7060551!3e0\" target=\"_blank\" rel=\"noopener\">pavell\u00f3 poliesportiu d&#8217;Amposta (carrer Sebast\u00e0 Juan Arb\u00f3, 4)<\/a>.<\/p>\n<p><strong>Com arribar al lloc de sortida:<br \/>\n<\/strong><small><a href=\"https:\/\/www.google.com\/maps\/dir\/\/Temps+de+terra,+Finca+Temps+de+Terra,+Partida+de+l'ametller,+s%2Fn,+43870+Amposta,+Tarragona\/@40.6981894,0.5449742,14z\/data=!4m9!4m8!1m0!1m5!1m1!1s0x12a0fedb6152e385:0x13f4301fe76e1063!2m2!1d0.539926!2d40.6827372!3e0\" target=\"_blank\" rel=\"noopener\">Veure mapa per arribar a Temps de Terra<\/a><\/small><\/p>\n<p><strong>Adre\u00e7a i coordenades de Temps de Terra:<br \/>\n<\/strong>Cam\u00ed de Les 7 piques.<br \/>\nPartida Cabiscol, s\/n. &#8211; Amposta<br \/>\nCoordenades: 40\u00b040&#8217;57.85&#8243;N i 0\u00b032&#8217;23.83&#8243;E<br \/>\nCoordenades: 40.682736 i 0.539953<\/p>\n<p><a href=\"http:\/\/www.montbike.org\/duextremamposta\/wp-content\/uploads\/2018\/09\/arribar-temps-terra-duextrem-amposta-p.png\"><img loading=\"lazy\" class=\"aligncenter wp-image-1947 size-full\" src=\"http:\/\/www.montbike.org\/duextremamposta\/wp-content\/uploads\/2018\/09\/arribar-temps-terra-duextrem-amposta-p.png\" alt=\"\" width=\"1216\" height=\"693\" srcset=\"https:\/\/www.montbike.org\/duextremamposta\/wp-content\/uploads\/2018\/09\/arribar-temps-terra-duextrem-amposta-p.png 1216w, https:\/\/www.montbike.org\/duextremamposta\/wp-content\/uploads\/2018\/09\/arribar-temps-terra-duextrem-amposta-p-300x171.png 300w, https:\/\/www.montbike.org\/duextremamposta\/wp-content\/uploads\/2018\/09\/arribar-temps-terra-duextrem-amposta-p-768x438.png 768w, https:\/\/www.montbike.org\/duextremamposta\/wp-content\/uploads\/2018\/09\/arribar-temps-terra-duextrem-amposta-p-1024x584.png 1024w\" sizes=\"(max-width: 1216px) 100vw, 1216px\" \/><\/a><\/p>\n","protected":false},"excerpt":{"rendered":"<p>Totes les activitats es realitzaran (sortides i arribades) a la finca del Cabiscol &#8211; Temps de Terra. A la finca Temps de Terra no hi haur\u00e0 dutxes per\u00f2 en tindreu a la vostra disposici\u00f3 al pavell\u00f3 poliesportiu d&#8217;Amposta (carrer Sebast\u00e0 <a class=\"more-link\" href=\"https:\/\/www.montbike.org\/duextremamposta\/com-arribar\/\">Continueu llegint <span class=\"screen-reader-text\">  Com arribar<\/span><span class=\"meta-nav\">&rarr;<\/span><\/a><\/p>\n","protected":false},"author":1,"featured_media":0,"parent":0,"menu_order":2,"comment_status":"closed","ping_status":"closed","template":"","meta":[],"_links":{"self":[{"href":"https:\/\/www.montbike.org\/duextremamposta\/wp-json\/wp\/v2\/pages\/1946"}],"collection":[{"href":"https:\/\/www.montbike.org\/duextremamposta\/wp-json\/wp\/v2\/pages"}],"about":[{"href":"https:\/\/www.montbike.org\/duextremamposta\/wp-json\/wp\/v2\/types\/page"}],"author":[{"embeddable":true,"href":"https:\/\/www.montbike.org\/duextremamposta\/wp-json\/wp\/v2\/users\/1"}],"replies":[{"embeddable":true,"href":"https:\/\/www.montbike.org\/duextremamposta\/wp-json\/wp\/v2\/comments?post=1946"}],"version-history":[{"count":7,"href":"https:\/\/www.montbike.org\/duextremamposta\/wp-json\/wp\/v2\/pages\/1946\/revisions"}],"predecessor-version":[{"id":2615,"href":"https:\/\/www.montbike.org\/duextremamposta\/wp-json\/wp\/v2\/pages\/1946\/revisions\/2615"}],"wp:attachment":[{"href":"https:\/\/www.montbike.org\/duextremamposta\/wp-json\/wp\/v2\/media?parent=1946"}],"curies":[{"name":"wp","href":"https:\/\/api.w.org\/{rel}","templated":true}]}}