{"id":1901,"date":"2018-08-30T18:57:10","date_gmt":"2018-08-30T16:57:10","guid":{"rendered":"http:\/\/www.montbike.org\/duextremamposta\/?page_id=1901"},"modified":"2022-05-24T19:01:33","modified_gmt":"2022-05-24T17:01:33","slug":"inicio","status":"publish","type":"page","link":"https:\/\/www.montbike.org\/duextremamposta\/inicio\/","title":{"rendered":"El 2022 vuelve el Duextrem Amposta con carrera Trail y carrera BTT"},"content":{"rendered":"<p>Este 2022 desde Montbike ya estamos trabajando para el retorno del Duextrem Amposta con las dos modalidades: carrera Trail y carrera BTT, que se disputar\u00e1n en fechas diferentes.<\/p>\n<p><strong>El 19 de Junio de 2022 se disputar\u00e1 la <a href=\"https:\/\/www.montbike.org\/duextremamposta\/es\/carreras-trail-y-marxa\/\">Carrera Trail Duextrem Amposta \u201cLo Coll Llarg\u201d<\/a><\/strong>, incluida en el <strong>Circuit de Curses per Muntanya de les Terres de l\u2019Ebre<\/strong>, con la Carrera Cl\u00e1sica, Carrera Expr\u00e9s, Carrera J\u00fanior, Carrera Juvenil, Carrera Cadete y Marcha.<\/p>\n<p><strong>El 9 de Octubre de 2022 ser\u00e1 el turno de la Carrera BTT Duextrem Amposta \u201cLo Coll Llarg\u201d<\/strong>, incluida en la <strong>Xallenger BTT Terres de l\u2019Ebre<\/strong>, con las modalidades XC-Sprint, XC-Rally y eBike.<\/p>\n<p><img loading=\"lazy\" class=\"aligncenter wp-image-2488 size-medium\" src=\"https:\/\/www.montbike.org\/duextremamposta\/wp-content\/uploads\/2022\/01\/torna-duextrem-2022-300x300.jpg\" alt=\"el 2022 vuelve el Duextrem Amposta\" width=\"300\" height=\"300\" srcset=\"https:\/\/www.montbike.org\/duextremamposta\/wp-content\/uploads\/2022\/01\/torna-duextrem-2022-300x300.jpg 300w, https:\/\/www.montbike.org\/duextremamposta\/wp-content\/uploads\/2022\/01\/torna-duextrem-2022-150x150.jpg 150w, https:\/\/www.montbike.org\/duextremamposta\/wp-content\/uploads\/2022\/01\/torna-duextrem-2022-768x768.jpg 768w, https:\/\/www.montbike.org\/duextremamposta\/wp-content\/uploads\/2022\/01\/torna-duextrem-2022.jpg 800w\" sizes=\"(max-width: 300px) 100vw, 300px\" \/><\/p>\n<p>Las dos pruebas, como ya es habitual en el <strong>Duextrem tendr\u00e1n el epicentro en la finca Temps de Terra de Amposta<\/strong> en un entorno id\u00edlico e ideal para disfrutar de la naturaleza desde el principio de las carreras.<\/p>\n<p><strong>Os esperamos a todos y todas en Amposta el 19 de Junio y el 9 de Octubre !!!!<\/strong><\/p>\n","protected":false},"excerpt":{"rendered":"<p>Este 2022 desde Montbike ya estamos trabajando para el retorno del Duextrem Amposta con las dos modalidades: carrera Trail y carrera BTT, que se disputar\u00e1n en fechas diferentes. El 19 de Junio de 2022 se disputar\u00e1 la Carrera Trail Duextrem <a class=\"more-link\" href=\"https:\/\/www.montbike.org\/duextremamposta\/inicio\/\">Continueu llegint <span class=\"screen-reader-text\">  El 2022 vuelve el Duextrem Amposta con carrera Trail y carrera BTT<\/span><span class=\"meta-nav\">&rarr;<\/span><\/a><\/p>\n","protected":false},"author":1,"featured_media":2622,"parent":0,"menu_order":0,"comment_status":"closed","ping_status":"closed","template":"","meta":[],"_links":{"self":[{"href":"https:\/\/www.montbike.org\/duextremamposta\/wp-json\/wp\/v2\/pages\/1901"}],"collection":[{"href":"https:\/\/www.montbike.org\/duextremamposta\/wp-json\/wp\/v2\/pages"}],"about":[{"href":"https:\/\/www.montbike.org\/duextremamposta\/wp-json\/wp\/v2\/types\/page"}],"author":[{"embeddable":true,"href":"https:\/\/www.montbike.org\/duextremamposta\/wp-json\/wp\/v2\/users\/1"}],"replies":[{"embeddable":true,"href":"https:\/\/www.montbike.org\/duextremamposta\/wp-json\/wp\/v2\/comments?post=1901"}],"version-history":[{"count":17,"href":"https:\/\/www.montbike.org\/duextremamposta\/wp-json\/wp\/v2\/pages\/1901\/revisions"}],"predecessor-version":[{"id":2623,"href":"https:\/\/www.montbike.org\/duextremamposta\/wp-json\/wp\/v2\/pages\/1901\/revisions\/2623"}],"wp:featuredmedia":[{"embeddable":true,"href":"https:\/\/www.montbike.org\/duextremamposta\/wp-json\/wp\/v2\/media\/2622"}],"wp:attachment":[{"href":"https:\/\/www.montbike.org\/duextremamposta\/wp-json\/wp\/v2\/media?parent=1901"}],"curies":[{"name":"wp","href":"https:\/\/api.w.org\/{rel}","templated":true}]}}